{"id":245,"date":"2015-11-01T20:23:01","date_gmt":"2015-11-01T19:23:01","guid":{"rendered":"http:\/\/new.achpvysocina.cz\/?page_id=245"},"modified":"2021-05-21T11:33:15","modified_gmt":"2021-05-21T10:33:15","slug":"pesticidy","status":"publish","type":"page","link":"https:\/\/www.achpvysocina.cz\/?page_id=245","title":{"rendered":"P\u0159\u00edpravky na ochranu rostlin"},"content":{"rendered":"<p style=\"text-align: justify;\">V na\u0161\u00ed nab\u00eddce naleznete kompletn\u00ed sortiment p\u0159\u00edpravk\u016f na ochranu rostlin. Krom\u011b odborn\u00e9ho poradenstv\u00ed na\u0161ich region\u00e1ln\u00edch z\u00e1stupc\u016f V\u00e1m zprost\u0159edkujeme i rozvoz objednan\u00fdch p\u0159\u00edpravk\u016f.&nbsp;<\/p>\n","protected":false},"excerpt":{"rendered":"<p>V na\u0161\u00ed nab\u00eddce naleznete kompletn\u00ed sortiment p\u0159\u00edpravk\u016f na ochranu rostlin. Krom\u011b odborn\u00e9ho poradenstv\u00ed na\u0161ich region\u00e1ln\u00edch z\u00e1stupc\u016f V\u00e1m zprost\u0159edkujeme i rozvoz objednan\u00fdch p\u0159\u00edpravk\u016f.&nbsp;<\/p>\n","protected":false},"author":1,"featured_media":0,"parent":0,"menu_order":0,"comment_status":"closed","ping_status":"closed","template":"","meta":{"ngg_post_thumbnail":0},"_links":{"self":[{"href":"https:\/\/www.achpvysocina.cz\/index.php?rest_route=\/wp\/v2\/pages\/245"}],"collection":[{"href":"https:\/\/www.achpvysocina.cz\/index.php?rest_route=\/wp\/v2\/pages"}],"about":[{"href":"https:\/\/www.achpvysocina.cz\/index.php?rest_route=\/wp\/v2\/types\/page"}],"author":[{"embeddable":true,"href":"https:\/\/www.achpvysocina.cz\/index.php?rest_route=\/wp\/v2\/users\/1"}],"replies":[{"embeddable":true,"href":"https:\/\/www.achpvysocina.cz\/index.php?rest_route=%2Fwp%2Fv2%2Fcomments&post=245"}],"version-history":[{"count":10,"href":"https:\/\/www.achpvysocina.cz\/index.php?rest_route=\/wp\/v2\/pages\/245\/revisions"}],"predecessor-version":[{"id":1506,"href":"https:\/\/www.achpvysocina.cz\/index.php?rest_route=\/wp\/v2\/pages\/245\/revisions\/1506"}],"wp:attachment":[{"href":"https:\/\/www.achpvysocina.cz\/index.php?rest_route=%2Fwp%2Fv2%2Fmedia&parent=245"}],"curies":[{"name":"wp","href":"https:\/\/api.w.org\/{rel}","templated":true}]}}