{"id":281,"date":"2015-11-02T12:04:35","date_gmt":"2015-11-02T11:04:35","guid":{"rendered":"http:\/\/new.achpvysocina.cz\/?page_id=281"},"modified":"2016-03-29T14:03:42","modified_gmt":"2016-03-29T13:03:42","slug":"pytle-plachty-folie","status":"publish","type":"page","link":"https:\/\/www.achpvysocina.cz\/?page_id=281","title":{"rendered":"Pytle, plachty, folie"},"content":{"rendered":"<h2>Pytle<\/h2>\n<p style=\"padding-left: 30px;\"><strong>Ra\u0161lov\u00e9 pytle<br \/>\n<\/strong>50 x 78 cm \u00e1 25 kg<br \/>\n50 x 80 cm \u00e1 25 kg<br \/>\n40 x 62 cm \u00e1 10 kg<br \/>\n30 x 52 cm \u00e1 5 kg<\/p>\n<p style=\"padding-left: 30px;\"><strong>Pop pytle<br \/>\n<\/strong>70 &#8211; 75 \/ 56 x 120 (125 cm)<\/p>\n<h2><strong>Plachty a Folie<\/strong><\/h2>\n<p style=\"padding-left: 30px;\"><strong>S\u00ed\u0165 Novatex &#8211; StarNet<\/strong><br \/>\n2 000 m &#8211; 1 role \/123 cm\/<br \/>\n2 600 m &#8211; 1 role \/123 cm\/<br \/>\n3 000 m &#8211; 1 role \/123 cm \/<br \/>\n3 600 m &#8211; 1 role \/123 cm\/<\/p>\n<p style=\"padding-left: 30px;\"><strong>S\u00ed\u0165 Novatex \u2013 Welger<\/strong><br \/>\n2 000 m \u2013 1 role \/130 cm\/<br \/>\n2 600 m &#8211; 1 role \/130 cm\/<br \/>\n3 000 m \u2013 1 role \/130 cm\/<\/p>\n<p style=\"padding-left: 30px;\"><strong>S\u00cd\u0164 Novatex \u2013 CAEB , WOLAGRI<\/strong><br \/>\n1 800 m \u2013 1 role \/52 cm \/<\/p>\n<p style=\"padding-left: 30px;\"><strong>S\u00cd\u0164 ANTLAS &#8211; NOVATEX<\/strong><br \/>\n2 600 m &#8211; 1 role\/125 cm\/<br \/>\n3 000 m \u2013 1 role \/125 cm\/<br \/>\n3 000 m &#8211; 1 role \/123 cm\/<\/p>\n<p style=\"padding-left: 30px;\"><strong>S\u00cd\u0164 SMARTNET \u2013 NOVATEX<\/strong><br \/>\n3 000 m \u2013 1 role\/123 cm<br \/>\n2 600 m \u2013 1 role\/123 cm<\/p>\n<p style=\"padding-left: 30px;\"><strong>Opravn\u00e9 p\u00e1sky<\/strong> k sen\u00e1\u017en\u00edm foli\u00edm s UV FILTREM b\u00edl\u00e1<br \/>\nJedna rolka = 15 cm\/33 metr\u016f<\/p>\n<p style=\"padding-left: 30px;\">&#8212;&#8212;&#8212;&#8212;&#8212;&#8212;&#8212;&#8212;&#8212;&#8212;&#8212;&#8212;&#8212;&#8212;&#8212;&#8212;&#8212;&#8212;&#8212;&#8212;&#8212;&#8212;&#8212;&#8212;&#8212;&#8212;<\/p>\n<p style=\"padding-left: 30px;\"><strong>Podkladn\u00ed transparentn\u00ed folie do sen\u00e1\u017en\u00edch jam 40 \u03bcm SMS<\/strong><br \/>\n8 x 100 m v\u00e1ha 30 kg<br \/>\n10 x 100 m v\u00e1ha 37 kg<br \/>\n12 x 100 m v\u00e1ha 44 kg<br \/>\n14 x 100 m v\u00e1ha 52 kg<br \/>\n16 x 100 m v\u00e1ha 60 kg<br \/>\npodkladn\u00ed folie nab\u00edz\u00edme i v d\u00e9lce 50ti metr\u016f<\/p>\n<p style=\"padding-left: 30px;\">&#8212;&#8212;&#8212;&#8212;&#8212;&#8212;&#8212;&#8212;&#8212;&#8212;&#8212;&#8212;&#8212;&#8212;&#8212;&#8212;&#8212;&#8212;&#8212;&#8212;&#8212;&#8212;&#8212;&#8212;&#8212;&#8212;<\/p>\n<p style=\"padding-left: 30px;\"><strong>Sen\u00e1\u017en\u00ed a sil\u00e1\u017en\u00ed plachty SMS elastick\u00e9, nesva\u0159ovan\u00e9, \u017eivotnost a\u017e 7 let. Mo\u017enost manipulace a\u017e p\u0159i -30 C. S\u00edla 150 \u03bcm.<\/strong><\/p>\n<p style=\"padding-left: 30px;\">barva \u010dern\u00e1 x b\u00edl\u00e1<br \/>\n8 x 25 v\u00e1ha 29 kg<br \/>\n8 x 50 v\u00e1ha 57 kg<br \/>\n10 x 25 v\u00e1ha 36 kg<br \/>\n10 x 50 v\u00e1ha 71 kg<br \/>\n12 x 25 v\u00e1ha 43 kg<br \/>\n12 x 50 v\u00e1ha 85 kg<br \/>\n14 x 25 v\u00e1ha 50 kg<br \/>\n14 x 50 v\u00e1ha 100 kg<br \/>\n16 x 25 v\u00e1ha 57 kg<br \/>\n16 x 50 v\u00e1ha 114 kg<br \/>\n18 x 25 v\u00e1ha 64 kg<br \/>\n18 x 50 v\u00e1ha 128 kg<\/p>\n<p>&#8212;&#8212;&#8212;&#8212;&#8212;&#8212;&#8212;&#8212;&#8212;&#8212;&#8212;&#8212;&#8212;&#8212;&#8212;&#8212;&#8212;&#8212;&#8212;&#8212;&#8212;&#8212;&#8212;&#8212;&#8212;&#8212;<\/p>\n<p style=\"padding-left: 30px;\">barva \u010dern\u00e1 x \u010dern\u00e1<br \/>\n10 x 25 v\u00e1ha 36 kg<br \/>\n10 x 50 v\u00e1ha 71 kg<br \/>\n12 x 25 v\u00e1ha 43 kg<br \/>\n12 x 50 v\u00e1ha 85 kg<br \/>\n14 x 25 v\u00e1ha 50 kg<br \/>\n14 x 50 v\u00e1ha 100 kg<br \/>\n16 x 25 v\u00e1ha 57 kg<br \/>\n16 x 50 v\u00e1ha 114 kg<br \/>\n18 x 25 v\u00e1ha 64 kg<br \/>\n18 x 50 v\u00e1ha 128 kg<\/p>\n<p style=\"padding-left: 30px;\">&#8212;&#8212;&#8212;&#8212;&#8212;&#8212;&#8212;&#8212;&#8212;&#8212;&#8212;&#8212;&#8212;&#8212;&#8212;&#8212;&#8212;&#8212;&#8212;&#8212;&#8212;&#8212;&#8212;&#8212;&#8212;&#8212;<\/p>\n<p style=\"padding-left: 30px;\"><strong>Sen\u00e1\u017en\u00ed a sil\u00e1\u017en\u00ed plachta Trioplast SMS elastick\u00e1, nesva\u0159ovan\u00e1.S\u00edla 120 \u03bcm<\/strong><br \/>\nbarva \u010dern\u00e1 x \u010dern\u00e1<br \/>\n10 x 20 v\u00e1ha 19 kg<br \/>\n10 x 40 v\u00e1ha 38 kg<\/p>\n<p style=\"padding-left: 30px;\">&#8212;&#8212;&#8212;&#8212;&#8212;&#8212;&#8212;&#8212;&#8212;&#8212;&#8212;&#8212;&#8212;&#8212;&#8212;&#8212;&#8212;&#8212;&#8212;&#8212;&#8212;&#8212;&#8212;&#8212;&#8212;&#8212;<\/p>\n<p style=\"padding-left: 30px;\"><strong>Sen\u00e1\u017en\u00ed a sil\u00e1\u017en\u00ed plachta Trioplast SMS elastick\u00e1, nesva\u0159ovan\u00e1.S\u00edla 115 my.<br \/>\n<\/strong><\/p>\n<p style=\"padding-left: 30px;\">b\u00edl\u00e1 x b\u00edl\u00e1<br \/>\n12 x 25 v\u00e1ha 32 kg<br \/>\n12 x 50 v\u00e1ha 64 kg<br \/>\n14 x 25 v\u00e1ha 37 kg<br \/>\n14 x 50 v\u00e1ha 74 kg<br \/>\n16 x 25 v\u00e1ha 43 kg<br \/>\n16 x 50 v\u00e1ha 87kg<br \/>\n18 x 25 v\u00e1ha 48 kg<br \/>\n18 x 50 v\u00e1ha 96 kg<\/p>\n<p style=\"padding-left: 30px;\">&#8212;&#8212;&#8212;&#8212;&#8212;&#8212;&#8212;&#8212;&#8212;&#8212;&#8212;&#8212;&#8212;&#8212;&#8212;&#8212;&#8212;&#8212;&#8212;&#8212;&#8212;&#8212;&#8212;&#8212;&#8212;&#8211;<\/p>\n<p style=\"padding-left: 30px;\">D\u00e1le nab\u00edz\u00edme velkoobjemov\u00e9 vaky na sen\u00e1\u017e v r\u016fzn\u00fdch d\u00e9lk\u00e1ch.<\/p>\n<p>&nbsp;<\/p>\n","protected":false},"excerpt":{"rendered":"<p>Pytle Ra\u0161lov\u00e9 pytle 50 x 78 cm \u00e1 25 kg 50 x 80 cm \u00e1 25 kg 40 x 62 cm \u00e1 10 kg 30 x 52 cm \u00e1 5 kg Pop pytle 70 &#8211; 75 \/ 56 x 120<\/p>\n","protected":false},"author":1,"featured_media":0,"parent":0,"menu_order":0,"comment_status":"closed","ping_status":"closed","template":"","meta":{"ngg_post_thumbnail":0},"_links":{"self":[{"href":"https:\/\/www.achpvysocina.cz\/index.php?rest_route=\/wp\/v2\/pages\/281"}],"collection":[{"href":"https:\/\/www.achpvysocina.cz\/index.php?rest_route=\/wp\/v2\/pages"}],"about":[{"href":"https:\/\/www.achpvysocina.cz\/index.php?rest_route=\/wp\/v2\/types\/page"}],"author":[{"embeddable":true,"href":"https:\/\/www.achpvysocina.cz\/index.php?rest_route=\/wp\/v2\/users\/1"}],"replies":[{"embeddable":true,"href":"https:\/\/www.achpvysocina.cz\/index.php?rest_route=%2Fwp%2Fv2%2Fcomments&post=281"}],"version-history":[{"count":9,"href":"https:\/\/www.achpvysocina.cz\/index.php?rest_route=\/wp\/v2\/pages\/281\/revisions"}],"predecessor-version":[{"id":1217,"href":"https:\/\/www.achpvysocina.cz\/index.php?rest_route=\/wp\/v2\/pages\/281\/revisions\/1217"}],"wp:attachment":[{"href":"https:\/\/www.achpvysocina.cz\/index.php?rest_route=%2Fwp%2Fv2%2Fmedia&parent=281"}],"curies":[{"name":"wp","href":"https:\/\/api.w.org\/{rel}","templated":true}]}}