{"id":82,"date":"2015-11-01T17:10:58","date_gmt":"2015-11-01T16:10:58","guid":{"rendered":"http:\/\/new.achpvysocina.cz\/?page_id=82"},"modified":"2016-01-21T08:56:23","modified_gmt":"2016-01-21T07:56:23","slug":"uvod","status":"publish","type":"page","link":"https:\/\/www.achpvysocina.cz\/","title":{"rendered":"\u00davodn\u00ed str\u00e1nka"},"content":{"rendered":"<p style=\"text-align: justify;\">ACHP Vyso\u010dina s.r.o. posktytuje komplexn\u00ed slu\u017eby v oboru zem\u011bd\u011blstv\u00ed. Do oblasti na\u0161eho p\u016fsoben\u00ed spad\u00e1 nejen kraj Vyso\u010dina, ale i kraje sousedn\u00ed. D\u00edky kolektivu na\u0161ich odborn\u00edk\u016f V\u00e1m nab\u00edz\u00edme nejen profesion\u00e1ln\u00ed p\u0159\u00edstup, ale i odbornou a kvalitn\u00ed poradenskou \u010dinnost.<\/p>\n<p style=\"text-align: justify;\"><strong>Nab\u00edzen\u00e9 produkty a slu\u017eby:<\/strong><\/p>\n<ul>\n<li style=\"text-align: justify;\">osiva poln\u00edch plodin<\/li>\n<li style=\"text-align: justify;\">mno\u017een\u00ed osiv poln\u00edch i speci\u00e1ln\u00edch plodin<\/li>\n<li style=\"text-align: justify;\">chemick\u00e9 p\u0159\u00edpravky na ochranu rostlin v cel\u00e9m sortimentu<\/li>\n<li style=\"text-align: justify;\">pr\u016fmyslov\u00e1 hnojiva v cel\u00e9m sortimentu<\/li>\n<li style=\"text-align: justify;\">p\u0159esn\u00e1 aplikace pevn\u00fdch pr\u016fmyslov\u00fdch hnojiv<\/li>\n<li style=\"text-align: justify;\">rozmet\u00e1n\u00ed v\u00e1penat\u00fdch hnojiv p\u0159esn\u00fdm aplik\u00e1torem<\/li>\n<li style=\"text-align: justify;\">speci\u00e1ln\u00ed hnojiva spole\u010dnosti Timac Agro Czech s.r.o.<\/li>\n<li style=\"text-align: justify;\">speci\u00e1ln\u00ed hnojiva spole\u010dnosti Klof\u00e1\u010d spol. s r.o.<\/li>\n<li style=\"text-align: justify;\">obchodn\u00ed slu\u017eby s rostlinn\u00fdmi komoditami v \u010cR i zahrani\u010d\u00ed<\/li>\n<li style=\"text-align: justify;\">sojov\u00e9 a \u0159epkov\u00e9 extrahovan\u00e9 \u0161roty, \u0159epkov\u00e9 v\u00fdlisky<\/li>\n<li style=\"text-align: justify;\">biologick\u00e9 bakteri\u00e1ln\u00ed p\u0159\u00edpravky do \u0159epky &#8211; Prom\u00e9theus (bakteri\u00e1ln\u00ed p\u0159\u00edpravky<\/li>\n<li style=\"text-align: justify;\">p\u0159\u00edpravky DEZI na \u010di\u0161t\u011bn\u00ed a desinfekci doj\u00edc\u00edch za\u0159\u00edzen\u00ed a p\u0159\u00edpravky na dezinfekci<br \/>\nml\u00e9\u010dn\u00fdch \u017elaz krav<\/li>\n<li>pytle a sil\u00e1\u017en\u00ed plachty v cel\u00e9m sortimenu<\/li>\n<li>stanoven\u00ed pot\u0159eby hnojen\u00ed N dle m\u011b\u0159en\u00ed N-testrem<\/li>\n<li>odborn\u00e9 agronomick\u00e9 poradenstv\u00ed, \u0161kolen\u00ed, poln\u00ed dny a prohl\u00eddky porost\u016f<\/li>\n<\/ul>\n","protected":false},"excerpt":{"rendered":"<p>ACHP Vyso\u010dina s.r.o. posktytuje komplexn\u00ed slu\u017eby v oboru zem\u011bd\u011blstv\u00ed. Do oblasti na\u0161eho p\u016fsoben\u00ed spad\u00e1 nejen kraj Vyso\u010dina, ale i kraje sousedn\u00ed. D\u00edky kolektivu na\u0161ich odborn\u00edk\u016f V\u00e1m nab\u00edz\u00edme nejen profesion\u00e1ln\u00ed p\u0159\u00edstup, ale i odbornou a kvalitn\u00ed poradenskou \u010dinnost. Nab\u00edzen\u00e9 produkty a<\/p>\n","protected":false},"author":1,"featured_media":0,"parent":0,"menu_order":0,"comment_status":"closed","ping_status":"closed","template":"","meta":{"ngg_post_thumbnail":0},"_links":{"self":[{"href":"https:\/\/www.achpvysocina.cz\/index.php?rest_route=\/wp\/v2\/pages\/82"}],"collection":[{"href":"https:\/\/www.achpvysocina.cz\/index.php?rest_route=\/wp\/v2\/pages"}],"about":[{"href":"https:\/\/www.achpvysocina.cz\/index.php?rest_route=\/wp\/v2\/types\/page"}],"author":[{"embeddable":true,"href":"https:\/\/www.achpvysocina.cz\/index.php?rest_route=\/wp\/v2\/users\/1"}],"replies":[{"embeddable":true,"href":"https:\/\/www.achpvysocina.cz\/index.php?rest_route=%2Fwp%2Fv2%2Fcomments&post=82"}],"version-history":[{"count":6,"href":"https:\/\/www.achpvysocina.cz\/index.php?rest_route=\/wp\/v2\/pages\/82\/revisions"}],"predecessor-version":[{"id":1194,"href":"https:\/\/www.achpvysocina.cz\/index.php?rest_route=\/wp\/v2\/pages\/82\/revisions\/1194"}],"wp:attachment":[{"href":"https:\/\/www.achpvysocina.cz\/index.php?rest_route=%2Fwp%2Fv2%2Fmedia&parent=82"}],"curies":[{"name":"wp","href":"https:\/\/api.w.org\/{rel}","templated":true}]}}